{"id":386,"date":"2025-03-19T18:05:15","date_gmt":"2025-03-19T17:05:15","guid":{"rendered":"https:\/\/heva-data.com\/?page_id=386"},"modified":"2026-04-28T18:04:43","modified_gmt":"2026-04-28T16:04:43","slug":"mentions-legales","status":"publish","type":"page","link":"https:\/\/heva-data.com\/en\/mentions-legales\/","title":{"rendered":"Terms of use"},"content":{"rendered":"<p>[et_pb_section fb_built=\u00a0\u00bb1&Prime; _builder_version=\u00a0\u00bb4.24.2&Prime; _module_preset=\u00a0\u00bbdefault\u00a0\u00bb background_enable_color=\u00a0\u00bboff\u00a0\u00bb background_image=\u00a0\u00bbhttps:\/\/heva-data.com\/wp-content\/uploads\/2025\/03\/blurred-designers-marketing-or-freelance-professi-2023-11-27-05-10-15-utc.jpg\u00a0\u00bb min_height=\u00a0\u00bb30vh\u00a0\u00bb custom_margin=\u00a0\u00bb||||false|false\u00a0\u00bb locked=\u00a0\u00bboff\u00a0\u00bb global_colors_info=\u00a0\u00bb{%22gcid-c247c5ab-cda2-4440-92fa-1240d95060a5%22:%91%22background_color%22%93}\u00a0\u00bb][et_pb_row _builder_version=\u00a0\u00bb4.24.2&Prime; _module_preset=\u00a0\u00bbdefault\u00a0\u00bb width=\u00a0\u00bb100%\u00a0\u00bb width_tablet=\u00a0\u00bb60%\u00a0\u00bb width_phone=\u00a0\u00bb90%\u00a0\u00bb width_last_edited=\u00a0\u00bbon|desktop\u00a0\u00bb max_width=\u00a0\u00bb100%\u00a0\u00bb module_alignment=\u00a0\u00bbcenter\u00a0\u00bb custom_margin=\u00a0\u00bb15vh||0px||false|false\u00a0\u00bb custom_margin_tablet=\u00a0\u00bb30vh||-150px||false|false\u00a0\u00bb custom_margin_phone=\u00a0\u00bb5vh||-100px||false|false\u00a0\u00bb custom_margin_last_edited=\u00a0\u00bbon|phone\u00a0\u00bb custom_padding=\u00a0\u00bb0px||0px||false|false\u00a0\u00bb custom_css_free_form=\u00a0\u00bbselector{||  z-index:500;top:auto;bottom:-55px;||    position: relative;||    z-index: 1; \/* S&rsquo;assurer que le texte est au-dessus *\/||    background-color: rgba(221, 242, 242, 0.95); \/* Turquoise tram\u00e9 \u00e0 15% *\/||    color: #000; \/* Couleur du texte, \u00e0 ajuster si n\u00e9cessaire *\/||   backdrop-filter: blur(5px) ;||  \/* Pr\u00e9fixe pour la compatibilit\u00e9 avec Safari *\/||  -webkit-backdrop-filter: blur(5px);||}\u00a0\u00bb border_radii_tablet=\u00a0\u00bb\u00a0\u00bb border_radii_phone=\u00a0\u00bboff|30px|30px||\u00a0\u00bb border_radii_last_edited=\u00a0\u00bbon|phone\u00a0\u00bb locked=\u00a0\u00bboff\u00a0\u00bb global_colors_info=\u00a0\u00bb{}\u00a0\u00bb][et_pb_column type=\u00a0\u00bb4_4&Prime; _builder_version=\u00a0\u00bb4.24.2&Prime; _module_preset=\u00a0\u00bbdefault\u00a0\u00bb background_color=\u00a0\u00bbRGBA(255,255,255,0)\u00a0\u00bb custom_padding=\u00a0\u00bb50px|50px|50px|50px|false|false\u00a0\u00bb custom_padding_tablet=\u00a0\u00bb50px|50px|50px|50px|false|false\u00a0\u00bb custom_padding_phone=\u00a0\u00bb30px|10px|30px|10px|false|false\u00a0\u00bb custom_padding_last_edited=\u00a0\u00bbon|phone\u00a0\u00bb global_colors_info=\u00a0\u00bb{}\u00a0\u00bb][et_pb_text _builder_version=\u00a0\u00bb4.24.2&Prime; _module_preset=\u00a0\u00bbdefault\u00a0\u00bb text_text_color=\u00a0\u00bbgcid-07fd6007-ae25-4e13-bbf0-52acc155a8b2&Prime; text_font_size=\u00a0\u00bb18px\u00a0\u00bb header_text_align=\u00a0\u00bbcenter\u00a0\u00bb header_2_font=\u00a0\u00bb|700|||||||\u00a0\u00bb header_2_text_align=\u00a0\u00bbcenter\u00a0\u00bb header_2_text_color=\u00a0\u00bbgcid-07fd6007-ae25-4e13-bbf0-52acc155a8b2&Prime; header_2_font_size=\u00a0\u00bb36px\u00a0\u00bb custom_margin=\u00a0\u00bb0px||10px||false|false\u00a0\u00bb custom_padding=\u00a0\u00bb|26px|0px|26px|false|true\u00a0\u00bb locked=\u00a0\u00bboff\u00a0\u00bb global_colors_info=\u00a0\u00bb{%22gcid-07fd6007-ae25-4e13-bbf0-52acc155a8b2%22:%91%22text_text_color%22,%22header_2_text_color%22%93}\u00a0\u00bb]<\/p>\n<h2>Mentions l\u00e9gales<\/h2>\n<p>[\/et_pb_text][et_pb_text _builder_version=\u00a0\u00bb4.24.2&Prime; _module_preset=\u00a0\u00bbdefault\u00a0\u00bb text_text_color=\u00a0\u00bbgcid-07fd6007-ae25-4e13-bbf0-52acc155a8b2&Prime; text_font_size=\u00a0\u00bb18px\u00a0\u00bb text_orientation=\u00a0\u00bbcenter\u00a0\u00bb custom_margin=\u00a0\u00bb0px||||false|false\u00a0\u00bb custom_padding=\u00a0\u00bb0px|26px||26px|false|true\u00a0\u00bb locked=\u00a0\u00bboff\u00a0\u00bb global_colors_info=\u00a0\u00bb{%22gcid-07fd6007-ae25-4e13-bbf0-52acc155a8b2%22:%91%22text_text_color%22%93}\u00a0\u00bb]<\/p>\n<p><span>&#8211;<\/span><\/p>\n<p>[\/et_pb_text][\/et_pb_column][\/et_pb_row][et_pb_row _builder_version=\u00a0\u00bb4.24.2&Prime; _module_preset=\u00a0\u00bbdefault\u00a0\u00bb background_enable_color=\u00a0\u00bboff\u00a0\u00bb width=\u00a0\u00bb100%\u00a0\u00bb width_tablet=\u00a0\u00bb60%\u00a0\u00bb width_phone=\u00a0\u00bb90%\u00a0\u00bb width_last_edited=\u00a0\u00bbon|desktop\u00a0\u00bb max_width=\u00a0\u00bb100%\u00a0\u00bb module_alignment=\u00a0\u00bbcenter\u00a0\u00bb custom_margin=\u00a0\u00bb0px||||false|false\u00a0\u00bb custom_margin_tablet=\u00a0\u00bb30vh||-150px||false|false\u00a0\u00bb custom_margin_phone=\u00a0\u00bb7vh||4px||false|false\u00a0\u00bb custom_margin_last_edited=\u00a0\u00bbon|phone\u00a0\u00bb custom_padding=\u00a0\u00bb30px||30px||false|false\u00a0\u00bb custom_css_free_form=\u00a0\u00bbselector{||  z-index:500;top:auto;bottom:-54px;padding:0 !important;||    position: relative;||    background-color: rgba(255, 255, 255, 0.9); \/* Turquoise tram\u00e9 \u00e0 15% *\/||    opacity: 1; \/* Effet de transparence \u00e0 95% *\/||    color: #000; \/* Couleur du texte, \u00e0 ajuster si n\u00e9cessaire *\/||   backdrop-filter: blur(0px) ;||  \/* Pr\u00e9fixe pour la compatibilit\u00e9 avec Safari *\/||  -webkit-backdrop-filter: blur(5px);||}\u00a0\u00bb locked=\u00a0\u00bboff\u00a0\u00bb global_colors_info=\u00a0\u00bb{}\u00a0\u00bb][et_pb_column type=\u00a0\u00bb4_4&Prime; _builder_version=\u00a0\u00bb4.24.2&Prime; _module_preset=\u00a0\u00bbdefault\u00a0\u00bb custom_padding=\u00a0\u00bb50px|50px|50px|50px|false|false\u00a0\u00bb custom_padding_tablet=\u00a0\u00bb50px|50px|50px|50px|false|false\u00a0\u00bb custom_padding_phone=\u00a0\u00bb30px|10px|30px|10px|false|false\u00a0\u00bb custom_padding_last_edited=\u00a0\u00bbon|phone\u00a0\u00bb custom_css_free_form=\u00a0\u00bbselector{||  z-index:500;top:auto;padding-top:0 !important;padding-bottom:0 !important;||}\u00a0\u00bb global_colors_info=\u00a0\u00bb{}\u00a0\u00bb][et_pb_code _builder_version=\u00a0\u00bb4.24.2&Prime; _module_preset=\u00a0\u00bbdefault\u00a0\u00bb text_orientation=\u00a0\u00bbcenter\u00a0\u00bb module_alignment=\u00a0\u00bbcenter\u00a0\u00bb locked=\u00a0\u00bboff\u00a0\u00bb global_colors_info=\u00a0\u00bb{}\u00a0\u00bb]<div class=\"menu-breadcrumbs\"><a href=\"https:\/\/heva-data.com\/en\/\">Accueil<\/a> &gt; <span class=\"current\">Mentions l\u00e9gales<\/span><\/div>[\/et_pb_code][\/et_pb_column][\/et_pb_row][\/et_pb_section][et_pb_section fb_built=\u00a0\u00bb1&Prime; _builder_version=\u00a0\u00bb4.24.2&Prime; _module_preset=\u00a0\u00bbdefault\u00a0\u00bb background_enable_image=\u00a0\u00bboff\u00a0\u00bb custom_margin=\u00a0\u00bb||0px||false|false\u00a0\u00bb custom_padding=\u00a0\u00bb5vw||5vw||false|false\u00a0\u00bb locked=\u00a0\u00bboff\u00a0\u00bb global_colors_info=\u00a0\u00bb{}\u00a0\u00bb][et_pb_row make_equal=\u00a0\u00bbon\u00a0\u00bb _builder_version=\u00a0\u00bb4.24.2&Prime; _module_preset=\u00a0\u00bbdefault\u00a0\u00bb locked=\u00a0\u00bboff\u00a0\u00bb global_colors_info=\u00a0\u00bb{}\u00a0\u00bb][et_pb_column type=\u00a0\u00bb4_4&Prime; _builder_version=\u00a0\u00bb4.24.2&Prime; _module_preset=\u00a0\u00bbdefault\u00a0\u00bb global_colors_info=\u00a0\u00bb{}\u00a0\u00bb][et_pb_text module_class=\u00a0\u00bbtwo_coluns\u00a0\u00bb _builder_version=\u00a0\u00bb4.24.2&Prime; _module_preset=\u00a0\u00bbdefault\u00a0\u00bb text_text_color=\u00a0\u00bbgcid-07fd6007-ae25-4e13-bbf0-52acc155a8b2&Prime; text_font_size=\u00a0\u00bb16px\u00a0\u00bb text_line_height=\u00a0\u00bb1.6em\u00a0\u00bb custom_padding=\u00a0\u00bb||||false|false\u00a0\u00bb custom_css_free_form=\u00a0\u00bbselector{||  word-break: keep-all;||}\u00a0\u00bb locked=\u00a0\u00bboff\u00a0\u00bb global_colors_info=\u00a0\u00bb{%22gcid-07fd6007-ae25-4e13-bbf0-52acc155a8b2%22:%91%22text_text_color%22,%22text_text_color%22%93}\u00a0\u00bb]<\/p>\n<p style=\"font-weight: 400;\">\n<p style=\"font-weight: 400;\">Conform\u00e9ment aux dispositions de la loi n\u00b02004-575 du 21 juin 2004 pour la Confiance dans l\u2019\u00e9conomie num\u00e9rique dite L.C.E.N compl\u00e9t\u00e9e plus tard par le d\u00e9cret du 9 mai 2007, il est port\u00e9 \u00e0 la connaissance des utilisateurs et visiteurs du site Heva les pr\u00e9sentes informations l\u00e9gales.<\/p>\n<p style=\"font-weight: 400;\">\n<p style=\"font-weight: 400;\"><strong>Nom de domaine<\/strong><\/p>\n<p style=\"font-weight: 400;\"><a href=\"https:\/\/heva-data.com\/\">https:\/\/heva-data.com\/<\/a><\/p>\n<p style=\"font-weight: 400;\">\n<p style=\"font-weight: 400;\"><strong>Editeur du site<\/strong><\/p>\n<p style=\"font-weight: 400;\">Ce site est \u00e9dit\u00e9 par la soci\u00e9t\u00e9 Heva (ci-apr\u00e8s \u00ab la Soci\u00e9t\u00e9 \u00bb), filiale du Groupe DOCAPOSTE, au capital de 219 650,00 euros, dont le si\u00e8ge social est situ\u00e9 au 45\/47 Boulevard Paul Vaillant Couturier 94200 Ivry-sur-Seine. La Soci\u00e9t\u00e9 est immatricul\u00e9e au registre du commerce et des soci\u00e9t\u00e9s de Cr\u00e9teil sous le num\u00e9ro 484 248 463.<\/p>\n<p style=\"font-weight: 400;\">\n<p style=\"font-weight: 400;\"><strong>H\u00e9bergement<\/strong><\/p>\n<p style=\"font-weight: 400;\">Le site est h\u00e9berg\u00e9 par\u00a0OVH,<\/p>\n<p style=\"font-weight: 400;\">2 rue Kellermann<\/p>\n<p style=\"font-weight: 400;\">59100 ROUBAIX, France<\/p>\n<p style=\"font-weight: 400;\">\n<p style=\"font-weight: 400;\"><strong>Directeur de la publication <\/strong><\/p>\n<p style=\"font-weight: 400;\">C\u00e9cile BADIOLA<\/p>\n<p style=\"font-weight: 400;\">\n<p style=\"font-weight: 400;\"><strong>Accessibilit\u00e9 du site<\/strong><\/p>\n<p style=\"font-weight: 400;\">Le site est en principe accessible aux internautes 24h\/24 et 7j\/7, sauf interruption, programm\u00e9e ou non, pour des besoins de maintenance ou en cas de force majeure.<\/p>\n<p style=\"font-weight: 400;\">\n<p style=\"font-weight: 400;\"><strong>Propri\u00e9t\u00e9 intellectuelle <\/strong><\/p>\n<p style=\"font-weight: 400;\">L\u2019int\u00e9gralit\u00e9 du site, notamment les marques, logos, signes et tout autre contenu fait l\u2019objet d\u2019une protection par les l\u00e9gislations fran\u00e7aises et internationales relative \u00e0 la propri\u00e9t\u00e9 intellectuelle.<\/p>\n<p style=\"font-weight: 400;\">Le site et tous les \u00e9l\u00e9ments qui le composent sont et restent la propri\u00e9t\u00e9 exclusive de la Soci\u00e9t\u00e9. Toute reproduction ou repr\u00e9sentation, int\u00e9grale ou partielle, publication, copie des diff\u00e9rents contenus du site sont interdites sans l\u2019autorisation expresse de la Soci\u00e9t\u00e9, sauf exception l\u00e9gale.<\/p>\n<p style=\"font-weight: 400;\">Le non-respect de ce droit est susceptible de constituer une contrefa\u00e7on. L\u2019utilisateur s\u2019engage \u00e0 une utilisation des contenus du site web dans un cadre strictement priv\u00e9.<\/p>\n<p style=\"font-weight: 400;\">L&rsquo;Utilisateur s&rsquo;engage \u00e0 une utilisation des contenus du site dans un cadre strictement priv\u00e9. Une utilisation des contenus \u00e0 des fins commerciales est strictement interdite.<\/p>\n<p style=\"font-weight: 400;\">\n<p style=\"font-weight: 400;\"><strong>Responsabilit\u00e9 de l\u2019Editeur<\/strong><\/p>\n<p style=\"font-weight: 400;\">Les informations diffus\u00e9es sur le site et\/ou accessibles par ce site proviennent de sources qui sont r\u00e9put\u00e9es fiables. Toutefois, ces informations sont susceptibles de contenir des inexactitudes techniques et des erreurs typographiques.<\/p>\n<p style=\"font-weight: 400;\">La Soci\u00e9t\u00e9 se r\u00e9serve le droit de les corriger, d\u00e8s que ces erreurs sont port\u00e9es \u00e0 sa connaissance. Il est fortement recommand\u00e9 de v\u00e9rifier l\u2019exactitude et la pertinence des informations mises \u00e0 disposition sur le site. Les informations sont susceptibles d\u2019\u00eatre modifi\u00e9es \u00e0 tout moment, et peuvent avoir fait l\u2019objet de mises \u00e0 jour. Ainsi, l&rsquo;Utilisateur assume seul l&rsquo;enti\u00e8re responsabilit\u00e9 de l&rsquo;utilisation des informations et contenus du pr\u00e9sent site. La Soci\u00e9t\u00e9 ne pourra en aucun cas \u00eatre tenue responsable de tout dommage de quelque nature qu\u2019il soit r\u00e9sultant de l\u2019interpr\u00e9tation ou de l\u2019utilisation des informations et contenus disponibles sur ce site.<\/p>\n<p style=\"font-weight: 400;\">\n<p style=\"font-weight: 400;\"><strong>Protection des donn\u00e9es personnelles<\/strong><\/p>\n<p style=\"font-weight: 400;\"><a href=\"https:\/\/heva-data.com\/politique-de-confidentialite\/\">Voir la politique de confidentialit\u00e9\u00a0<\/a><\/p>\n<p style=\"font-weight: 400;\">\n<p style=\"font-weight: 400;\"><strong>Politique de gestion des Cookies<\/strong><\/p>\n<p style=\"font-weight: 400;\"><a href=\"https:\/\/heva-data.com\/politique-de-gestion-des-cookies\/\">Voir la politique de gestion des cookies<\/a><\/p>\n<p style=\"font-weight: 400;\">\n<p style=\"font-weight: 400;\"><strong>Liens hypertextes<\/strong><\/p>\n<p style=\"font-weight: 400;\">Le site peut comporter des informations mises \u00e0 votre disposition par des soci\u00e9t\u00e9s externes ou des liens hypertextes vers d\u2019autres sites qui n\u2019ont pas \u00e9t\u00e9 d\u00e9velopp\u00e9s par Heva.<\/p>\n<p style=\"font-weight: 400;\">La pr\u00e9sence sur les articles de presse de liens qui renvoient vers d\u2019autres sites ne constitue pas une validation de ces sites ou de leurs contenus. La responsabilit\u00e9 de Heva ne saurait \u00eatre engag\u00e9e du fait des informations, opinions ou recommandations r\u00e9alis\u00e9es par ces sites tiers.<\/p>\n<p style=\"font-weight: 400;\">\n<p style=\"font-weight: 400;\">Derni\u00e8re mise \u00e0 jour le <strong>15\/04\/2026<\/strong><\/p>\n<p>[\/et_pb_text][\/et_pb_column][\/et_pb_row][\/et_pb_section]<\/p>\n","protected":false},"excerpt":{"rendered":"<p>Mentions l\u00e9gales-<div class=\"menu-breadcrumbs\"><a href=\"https:\/\/heva-data.com\/en\/\">Accueil<\/a> &gt; <span class=\"current\">Mentions l\u00e9gales<\/span><\/div> Conform\u00e9ment aux dispositions de la loi n\u00b02004-575 du 21 juin 2004 pour la Confiance dans l\u2019\u00e9conomie num\u00e9rique dite L.C.E.N compl\u00e9t\u00e9e plus tard par le d\u00e9cret du 9 mai 2007, il est port\u00e9 \u00e0 la connaissance des utilisateurs et visiteurs du site Heva les pr\u00e9sentes informations l\u00e9gales. Nom de domaine <a href=\"https:\/\/heva-data.com\/\">https:\/\/heva-data.com\/<\/a> Editeur du site [&hellip;]<\/p>\n","protected":false},"author":6,"featured_media":0,"parent":0,"menu_order":0,"comment_status":"closed","ping_status":"closed","template":"","meta":{"_et_pb_use_builder":"on","_et_pb_old_content":"","_et_gb_content_width":"","_crdt_document":"","advanced_seo_description":"","jetpack_seo_html_title":"","jetpack_seo_noindex":false,"footnotes":""},"class_list":["post-386","page","type-page","status-publish","hentry"],"jetpack_shortlink":"https:\/\/wp.me\/Pgrg3B-6e","_links":{"self":[{"href":"https:\/\/heva-data.com\/en\/wp-json\/wp\/v2\/pages\/386","targetHints":{"allow":["GET"]}}],"collection":[{"href":"https:\/\/heva-data.com\/en\/wp-json\/wp\/v2\/pages"}],"about":[{"href":"https:\/\/heva-data.com\/en\/wp-json\/wp\/v2\/types\/page"}],"author":[{"embeddable":true,"href":"https:\/\/heva-data.com\/en\/wp-json\/wp\/v2\/users\/6"}],"replies":[{"embeddable":true,"href":"https:\/\/heva-data.com\/en\/wp-json\/wp\/v2\/comments?post=386"}],"version-history":[{"count":7,"href":"https:\/\/heva-data.com\/en\/wp-json\/wp\/v2\/pages\/386\/revisions"}],"predecessor-version":[{"id":6020,"href":"https:\/\/heva-data.com\/en\/wp-json\/wp\/v2\/pages\/386\/revisions\/6020"}],"wp:attachment":[{"href":"https:\/\/heva-data.com\/en\/wp-json\/wp\/v2\/media?parent=386"}],"curies":[{"name":"wp","href":"https:\/\/api.w.org\/{rel}","templated":true}]}}