{"id":2107,"date":"2025-09-02T11:22:16","date_gmt":"2025-09-02T09:22:16","guid":{"rendered":"https:\/\/heva-data.com\/?page_id=2107"},"modified":"2025-11-03T11:35:24","modified_gmt":"2025-11-03T10:35:24","slug":"accessibilite","status":"publish","type":"page","link":"https:\/\/heva-data.com\/en\/accessibilite\/","title":{"rendered":"Accessibility"},"content":{"rendered":"<p>[et_pb_section fb_built=\u00a0\u00bb1&Prime; _builder_version=\u00a0\u00bb4.24.2&Prime; _module_preset=\u00a0\u00bbdefault\u00a0\u00bb background_enable_color=\u00a0\u00bboff\u00a0\u00bb background_image=\u00a0\u00bbhttps:\/\/heva-data.com\/wp-content\/uploads\/2025\/03\/blurred-designers-marketing-or-freelance-professi-2023-11-27-05-10-15-utc.jpg\u00a0\u00bb min_height=\u00a0\u00bb30vh\u00a0\u00bb custom_margin=\u00a0\u00bb||||false|false\u00a0\u00bb locked=\u00a0\u00bboff\u00a0\u00bb global_colors_info=\u00a0\u00bb{%22gcid-c247c5ab-cda2-4440-92fa-1240d95060a5%22:%91%22background_color%22%93}\u00a0\u00bb][et_pb_row _builder_version=\u00a0\u00bb4.24.2&Prime; _module_preset=\u00a0\u00bbdefault\u00a0\u00bb width=\u00a0\u00bb100%\u00a0\u00bb width_tablet=\u00a0\u00bb60%\u00a0\u00bb width_phone=\u00a0\u00bb90%\u00a0\u00bb width_last_edited=\u00a0\u00bbon|desktop\u00a0\u00bb max_width=\u00a0\u00bb100%\u00a0\u00bb module_alignment=\u00a0\u00bbcenter\u00a0\u00bb custom_margin=\u00a0\u00bb15vh||0px||false|false\u00a0\u00bb custom_margin_tablet=\u00a0\u00bb30vh||-150px||false|false\u00a0\u00bb custom_margin_phone=\u00a0\u00bb5vh||-100px||false|false\u00a0\u00bb custom_margin_last_edited=\u00a0\u00bbon|phone\u00a0\u00bb custom_padding=\u00a0\u00bb0px||0px||false|false\u00a0\u00bb custom_css_free_form=\u00a0\u00bbselector{||  z-index:500;top:auto;bottom:-55px;||    position: relative;||    z-index: 1; \/* S&rsquo;assurer que le texte est au-dessus *\/||    background-color: rgba(221, 242, 242, 0.95); \/* Turquoise tram\u00e9 \u00e0 15% *\/||    color: #000; \/* Couleur du texte, \u00e0 ajuster si n\u00e9cessaire *\/||   backdrop-filter: blur(5px) ;||  \/* Pr\u00e9fixe pour la compatibilit\u00e9 avec Safari *\/||  -webkit-backdrop-filter: blur(5px);||}\u00a0\u00bb border_radii_tablet=\u00a0\u00bb\u00a0\u00bb border_radii_phone=\u00a0\u00bboff|30px|30px||\u00a0\u00bb border_radii_last_edited=\u00a0\u00bbon|phone\u00a0\u00bb locked=\u00a0\u00bboff\u00a0\u00bb global_colors_info=\u00a0\u00bb{}\u00a0\u00bb][et_pb_column type=\u00a0\u00bb4_4&Prime; _builder_version=\u00a0\u00bb4.24.2&Prime; _module_preset=\u00a0\u00bbdefault\u00a0\u00bb background_color=\u00a0\u00bbRGBA(255,255,255,0)\u00a0\u00bb custom_padding=\u00a0\u00bb50px|50px|50px|50px|false|false\u00a0\u00bb custom_padding_tablet=\u00a0\u00bb50px|50px|50px|50px|false|false\u00a0\u00bb custom_padding_phone=\u00a0\u00bb30px|10px|30px|10px|false|false\u00a0\u00bb custom_padding_last_edited=\u00a0\u00bbon|phone\u00a0\u00bb global_colors_info=\u00a0\u00bb{}\u00a0\u00bb][et_pb_text _builder_version=\u00a0\u00bb4.24.2&Prime; _module_preset=\u00a0\u00bbdefault\u00a0\u00bb text_text_color=\u00a0\u00bbgcid-07fd6007-ae25-4e13-bbf0-52acc155a8b2&Prime; text_font_size=\u00a0\u00bb18px\u00a0\u00bb header_text_align=\u00a0\u00bbcenter\u00a0\u00bb header_2_font=\u00a0\u00bb|700|||||||\u00a0\u00bb header_2_text_align=\u00a0\u00bbcenter\u00a0\u00bb header_2_text_color=\u00a0\u00bbgcid-07fd6007-ae25-4e13-bbf0-52acc155a8b2&Prime; header_2_font_size=\u00a0\u00bb36px\u00a0\u00bb custom_margin=\u00a0\u00bb0px||10px||false|false\u00a0\u00bb custom_padding=\u00a0\u00bb|26px|0px|26px|false|true\u00a0\u00bb locked=\u00a0\u00bboff\u00a0\u00bb global_colors_info=\u00a0\u00bb{%22gcid-07fd6007-ae25-4e13-bbf0-52acc155a8b2%22:%91%22text_text_color%22,%22header_2_text_color%22%93}\u00a0\u00bb]<\/p>\n<h2>D\u00e9claration d&rsquo;accessibilit\u00e9<\/h2>\n<p>[\/et_pb_text][et_pb_text _builder_version=\u00a0\u00bb4.24.2&Prime; _module_preset=\u00a0\u00bbdefault\u00a0\u00bb text_text_color=\u00a0\u00bbgcid-07fd6007-ae25-4e13-bbf0-52acc155a8b2&Prime; text_font_size=\u00a0\u00bb18px\u00a0\u00bb text_orientation=\u00a0\u00bbcenter\u00a0\u00bb custom_margin=\u00a0\u00bb0px||||false|false\u00a0\u00bb custom_padding=\u00a0\u00bb0px|26px||26px|false|true\u00a0\u00bb locked=\u00a0\u00bboff\u00a0\u00bb global_colors_info=\u00a0\u00bb{%22gcid-07fd6007-ae25-4e13-bbf0-52acc155a8b2%22:%91%22text_text_color%22%93}\u00a0\u00bb]<\/p>\n<p><span>&#8211;<\/span><\/p>\n<p>[\/et_pb_text][\/et_pb_column][\/et_pb_row][et_pb_row _builder_version=\u00a0\u00bb4.24.2&Prime; _module_preset=\u00a0\u00bbdefault\u00a0\u00bb background_enable_color=\u00a0\u00bboff\u00a0\u00bb width=\u00a0\u00bb100%\u00a0\u00bb width_tablet=\u00a0\u00bb60%\u00a0\u00bb width_phone=\u00a0\u00bb90%\u00a0\u00bb width_last_edited=\u00a0\u00bbon|desktop\u00a0\u00bb max_width=\u00a0\u00bb100%\u00a0\u00bb module_alignment=\u00a0\u00bbcenter\u00a0\u00bb custom_margin=\u00a0\u00bb0px||||false|false\u00a0\u00bb custom_margin_tablet=\u00a0\u00bb30vh||-150px||false|false\u00a0\u00bb custom_margin_phone=\u00a0\u00bb7vh||4px||false|false\u00a0\u00bb custom_margin_last_edited=\u00a0\u00bbon|phone\u00a0\u00bb custom_padding=\u00a0\u00bb30px||30px||false|false\u00a0\u00bb custom_css_free_form=\u00a0\u00bbselector{||  z-index:500;top:auto;bottom:-54px;padding:0 !important;||    position: relative;||    background-color: rgba(255, 255, 255, 0.9); \/* Turquoise tram\u00e9 \u00e0 15% *\/||    opacity: 1; \/* Effet de transparence \u00e0 95% *\/||    color: #000; \/* Couleur du texte, \u00e0 ajuster si n\u00e9cessaire *\/||   backdrop-filter: blur(0px) ;||  \/* Pr\u00e9fixe pour la compatibilit\u00e9 avec Safari *\/||  -webkit-backdrop-filter: blur(5px);||}\u00a0\u00bb locked=\u00a0\u00bboff\u00a0\u00bb global_colors_info=\u00a0\u00bb{}\u00a0\u00bb][et_pb_column type=\u00a0\u00bb4_4&Prime; _builder_version=\u00a0\u00bb4.24.2&Prime; _module_preset=\u00a0\u00bbdefault\u00a0\u00bb custom_padding=\u00a0\u00bb50px|50px|50px|50px|false|false\u00a0\u00bb custom_padding_tablet=\u00a0\u00bb50px|50px|50px|50px|false|false\u00a0\u00bb custom_padding_phone=\u00a0\u00bb30px|10px|30px|10px|false|false\u00a0\u00bb custom_padding_last_edited=\u00a0\u00bbon|phone\u00a0\u00bb custom_css_free_form=\u00a0\u00bbselector{||  z-index:500;top:auto;padding-top:0 !important;padding-bottom:0 !important;||}\u00a0\u00bb global_colors_info=\u00a0\u00bb{}\u00a0\u00bb][et_pb_code _builder_version=\u00a0\u00bb4.24.2&Prime; _module_preset=\u00a0\u00bbdefault\u00a0\u00bb text_orientation=\u00a0\u00bbcenter\u00a0\u00bb module_alignment=\u00a0\u00bbcenter\u00a0\u00bb locked=\u00a0\u00bboff\u00a0\u00bb global_colors_info=\u00a0\u00bb{}\u00a0\u00bb]<div class=\"menu-breadcrumbs\"><a href=\"https:\/\/heva-data.com\/en\/\">Accueil<\/a> &gt; <span class=\"current\">Accessibilit\u00e9<\/span><\/div>[\/et_pb_code][\/et_pb_column][\/et_pb_row][\/et_pb_section][et_pb_section fb_built=\u00a0\u00bb1&Prime; _builder_version=\u00a0\u00bb4.24.2&Prime; _module_preset=\u00a0\u00bbdefault\u00a0\u00bb background_enable_image=\u00a0\u00bboff\u00a0\u00bb custom_margin=\u00a0\u00bb||0px||false|false\u00a0\u00bb custom_padding=\u00a0\u00bb5vw||5vw||false|false\u00a0\u00bb locked=\u00a0\u00bboff\u00a0\u00bb global_colors_info=\u00a0\u00bb{}\u00a0\u00bb][et_pb_row make_equal=\u00a0\u00bbon\u00a0\u00bb _builder_version=\u00a0\u00bb4.24.2&Prime; _module_preset=\u00a0\u00bbdefault\u00a0\u00bb locked=\u00a0\u00bboff\u00a0\u00bb global_colors_info=\u00a0\u00bb{}\u00a0\u00bb][et_pb_column type=\u00a0\u00bb4_4&Prime; _builder_version=\u00a0\u00bb4.24.2&Prime; _module_preset=\u00a0\u00bbdefault\u00a0\u00bb global_colors_info=\u00a0\u00bb{}\u00a0\u00bb][et_pb_text module_class=\u00a0\u00bbtwo_coluns\u00a0\u00bb _builder_version=\u00a0\u00bb4.24.2&Prime; _module_preset=\u00a0\u00bbdefault\u00a0\u00bb text_text_color=\u00a0\u00bbgcid-07fd6007-ae25-4e13-bbf0-52acc155a8b2&Prime; text_font_size=\u00a0\u00bb16px\u00a0\u00bb text_line_height=\u00a0\u00bb1.6em\u00a0\u00bb header_text_color=\u00a0\u00bbgcid-07fd6007-ae25-4e13-bbf0-52acc155a8b2&Prime; header_2_text_color=\u00a0\u00bbgcid-07fd6007-ae25-4e13-bbf0-52acc155a8b2&Prime; custom_padding=\u00a0\u00bb||||false|false\u00a0\u00bb custom_css_free_form=\u00a0\u00bbselector{||  word-break: keep-all;||}\u00a0\u00bb locked=\u00a0\u00bboff\u00a0\u00bb global_colors_info=\u00a0\u00bb{%22gcid-07fd6007-ae25-4e13-bbf0-52acc155a8b2%22:%91%22text_text_color%22,%22header_2_text_color%22,%22header_text_color%22%93}\u00a0\u00bb]<\/p>\n<h1><strong>Accessibilit\u00e9 &#8211; non conforme<\/strong><\/h1>\n<p style=\"font-weight: 400;\">Heva\u00a0s\u2019engage \u00e0 rendre ses sites internet, intranet, extranet et ses progiciels accessibles (et ses applications mobiles et mobilier urbain num\u00e9rique) conform\u00e9ment \u00e0 l\u2019article 47 de la loi n\u00b02005-102 du 11 f\u00e9vrier 2005.<\/p>\n<p style=\"font-weight: 400;\">\u00c0 cette fin,\u00a0Heva met en \u0153uvre la strat\u00e9gie et les actions suivantes :<\/p>\n<ul style=\"font-weight: 400;\">\n<li><a aria-label=\"Sch\u00e9ma pluriannuel de mise en accessibilit\u00e9 | lien externe - ouvre un nouvel onglet, document PDF\" class=\"visually-hidden\" href=\"https:\/\/www.docaposte.com\/\/srv\/htdocs\/wp-content\/uploads\/2025\/07\/schemapluriannuel_2025_2027.pdf\" target=\"_blank\" rel=\"noopener\">Sch\u00e9ma pluriannuel de mise en accessibilit\u00e9<img decoding=\"async\" alt=\"\" src=\"https:\/\/www.maincare.com\/media-images\/2134\/icon_lien_maincare.png\" \/><\/a><\/li>\n<li><a aria-label=\"Plan d\u2019actions 2025-2027 | lien externe - ouvre un nouvel onglet, document PDF\" href=\"https:\/\/www.docaposte.com\/\/srv\/htdocs\/wp-content\/uploads\/2025\/07\/planactions_2025.pdf\" target=\"_blank\" rel=\"noopener\">Plan d\u2019actions 2025-2027<img decoding=\"async\" alt=\"\" src=\"https:\/\/www.maincare.com\/media-images\/2134\/icon_lien_maincare.png\" \/><\/a><\/li>\n<\/ul>\n<p style=\"font-weight: 400;\">Cette d\u00e9claration d\u2019accessibilit\u00e9 s\u2019applique \u00e0\u00a0<strong><a href=\"https:\/\/heva-data.com\">https:\/\/heva-data.com<\/a><\/strong><\/p>\n<p style=\"font-weight: 400;\"><strong>\u00c9tat de conformit\u00e9<\/strong><\/p>\n<p style=\"font-weight: 400;\"><strong>heva-data.com<\/strong> est non conforme avec le r\u00e9f\u00e9rentiel g\u00e9n\u00e9ral d\u2019am\u00e9lioration de l\u2019accessibilit\u00e9 (RGAA), version 4 en raison de l\u2019absence d\u2019audit (audit pr\u00e9vu, date \u00e0 confirmer).<\/p>\n<p style=\"font-weight: 400;\"><strong>Retour d\u2019information et contact<\/strong><\/p>\n<p style=\"font-weight: 400;\">Si vous n\u2019arrivez pas \u00e0 acc\u00e9der \u00e0 un contenu ou \u00e0 un service, vous pouvez contacter le responsable de <strong><a href=\"https:\/\/heva-data.com\">https:\/\/heva-data.com<\/a><\/strong> pour \u00eatre orient\u00e9 vers une alternative accessible ou obtenir le contenu sous une autre forme.<\/p>\n<ul style=\"font-weight: 400;\">\n<li style=\"font-weight: 400;\">Envoyer un message\u00a0<a href=\"https:\/\/heva-data.com\/contact\/\"><strong>https:\/\/heva-data.com\/contact\/<\/strong><\/a><\/li>\n<li>Contacter <b><a href=\"mailto:contact@heva-data.com\">contact@heva-data.com<\/a>\u00a0<\/b><\/li>\n<\/ul>\n<p style=\"font-weight: 400;\"><strong>Voies de recours<\/strong><\/p>\n<p style=\"font-weight: 400;\">Si vous constatez un d\u00e9faut d\u2019accessibilit\u00e9 vous emp\u00eachant d\u2019acc\u00e9der \u00e0 un contenu ou une fonctionnalit\u00e9 du site, que vous nous le signalez et que vous ne parvenez pas \u00e0 obtenir une r\u00e9ponse de notre part, vous \u00eates en droit de faire parvenir vos dol\u00e9ances ou une demande de saisine au D\u00e9fenseur des droits. Plusieurs moyens sont \u00e0 votre disposition :<\/p>\n<ul style=\"font-weight: 400;\">\n<li>\u00c9crire un message au D\u00e9fenseur des droits :\u00a0<a href=\"https:\/\/formulaire.defenseurdesdroits.fr\/\"><strong>Nous contacter | D\u00e9fenseur des Droits<\/strong><\/a><\/li>\n<li>Contacter le d\u00e9l\u00e9gu\u00e9 du D\u00e9fenseur des droits dans votre r\u00e9gion :\u00a0<a href=\"https:\/\/www.defenseurdesdroits.fr\/saisir\/delegues\"><strong>Annuaire des d\u00e9l\u00e9gu\u00e9s | D\u00e9fenseur des Droits<\/strong><\/a><\/li>\n<li>Envoyer un courrier par la poste (gratuit, ne pas mettre de timbre)<\/li>\n<\/ul>\n<p style=\"font-weight: 400;\">D\u00e9fenseur des droits<\/p>\n<p style=\"font-weight: 400;\">Libre r\u00e9ponse 71120<\/p>\n<p style=\"font-weight: 400;\">75342 Paris CEDEX 07<\/p>\n<p>[\/et_pb_text][\/et_pb_column][\/et_pb_row][\/et_pb_section]<\/p>\n","protected":false},"excerpt":{"rendered":"<p>D\u00e9claration d&rsquo;accessibilit\u00e9-<div class=\"menu-breadcrumbs\"><a href=\"https:\/\/heva-data.com\/en\/\">Accueil<\/a> &gt; <span class=\"current\">Accessibilit\u00e9<\/span><\/div>Accessibilit\u00e9 &#8211; non conforme Heva\u00a0s\u2019engage \u00e0 rendre ses sites internet, intranet, extranet et ses progiciels accessibles (et ses applications mobiles et mobilier urbain num\u00e9rique) conform\u00e9ment \u00e0 l\u2019article 47 de la loi n\u00b02005-102 du 11 f\u00e9vrier 2005. \u00c0 cette fin,\u00a0Heva met en \u0153uvre la strat\u00e9gie et les actions suivantes : Sch\u00e9ma pluriannuel de mise en [&hellip;]<\/p>\n","protected":false},"author":6,"featured_media":0,"parent":0,"menu_order":0,"comment_status":"closed","ping_status":"closed","template":"","meta":{"_et_pb_use_builder":"on","_et_pb_old_content":"","_et_gb_content_width":"","_crdt_document":"","advanced_seo_description":"","jetpack_seo_html_title":"","jetpack_seo_noindex":false,"footnotes":""},"class_list":["post-2107","page","type-page","status-publish","hentry"],"jetpack_shortlink":"https:\/\/wp.me\/Pgrg3B-xZ","_links":{"self":[{"href":"https:\/\/heva-data.com\/en\/wp-json\/wp\/v2\/pages\/2107","targetHints":{"allow":["GET"]}}],"collection":[{"href":"https:\/\/heva-data.com\/en\/wp-json\/wp\/v2\/pages"}],"about":[{"href":"https:\/\/heva-data.com\/en\/wp-json\/wp\/v2\/types\/page"}],"author":[{"embeddable":true,"href":"https:\/\/heva-data.com\/en\/wp-json\/wp\/v2\/users\/6"}],"replies":[{"embeddable":true,"href":"https:\/\/heva-data.com\/en\/wp-json\/wp\/v2\/comments?post=2107"}],"version-history":[{"count":8,"href":"https:\/\/heva-data.com\/en\/wp-json\/wp\/v2\/pages\/2107\/revisions"}],"predecessor-version":[{"id":2858,"href":"https:\/\/heva-data.com\/en\/wp-json\/wp\/v2\/pages\/2107\/revisions\/2858"}],"wp:attachment":[{"href":"https:\/\/heva-data.com\/en\/wp-json\/wp\/v2\/media?parent=2107"}],"curies":[{"name":"wp","href":"https:\/\/api.w.org\/{rel}","templated":true}]}}